{"id":1949,"date":"2023-10-13T14:15:06","date_gmt":"2023-10-13T18:15:06","guid":{"rendered":"https:\/\/arenalresortspa.com\/?page_id=1949"},"modified":"2023-10-30T18:25:18","modified_gmt":"2023-10-30T22:25:18","slug":"gastronomie","status":"publish","type":"page","link":"https:\/\/arenalparaisoresort.com\/fr\/gastronomie\/","title":{"rendered":"Gastronomie"},"content":{"rendered":"<div class=\"wpb-content-wrapper\"><p>[vc_row full_width=\u00bbstretch_row\u00bb css=\u00bb.vc_custom_1697222159353{background-image: url(https:\/\/arenalresortspa.com\/wp-content\/uploads\/2023\/10\/fnd-volcan-arenal.jpg?id=1956) !important;background-position: 0 0 !important;background-repeat: no-repeat !important;background-position: center bottom !important;}\u00bb][vc_column offset=\u00bbvc_col-md-6&#8243;]<div class=\"cz_eqh cz_content_box_parent_fx  z99\"><div id=\"cz_46571\" class=\"cz_46571 cz_content_box clr\"><div class=\"cz_box_front clr\"><div class=\"cz_box_front_inner clr \"><span><\/span><div><div id=\"cz_101667\" class=\"cz_101667 cz_title clr cz_mobile_text_center cz_title_pos_inline\"><div class=\"cz_title_shape shape_square cz_shape_1\"><\/div><div class=\"cz_title_shape shape_square cz_shape_2\"><\/div><div class=\"cz_title_content\"><div class=\"cz_wpe_content\"><h1>Gastronomie<\/h1>\n<\/div><\/div><\/div><div class=\"cz_gap clr \" style=\"height: 80px\"><\/div><div id=\"cz_79867\" class=\"cz_79867 cz_title clr cz_title_pos_inline\"><div class=\"cz_title_content\"><div class=\"cz_wpe_content\"><p>D\u00e9gustez une cuisine savoureuse avec une vue imprenable.<\/p>\n<\/div><\/div><\/div><div class=\"cz_gap clr \" style=\"height: 25px\"><\/div><div id=\"cz_65588\" class=\"cz_65588 cz_title clr cz_title_pos_inline\"><div class=\"cz_title_content\"><div class=\"cz_wpe_content\"><p>Notre menu vari\u00e9 propose des coupes de viande sp\u00e9cialement con\u00e7ues pour le barbecue. Nous proposons une s\u00e9lection de coupes classiques, ainsi que des coupes plus exclusives, pour satisfaire les palais les plus conservateurs et les plus exigeants.<\/p>\n<\/div><\/div><\/div><div class=\"cz_gap clr \" style=\"height: 30px\"><\/div><\/div><\/div><\/div><\/div><\/div><div class=\"cz_gap clr  hide_on_mobile\" style=\"height: 150px\"><\/div><div class=\"cz_gap show_on_mobile clr\" style=\"height: 50px\"><\/div>[\/vc_column][vc_column offset=\u00bbvc_col-md-6&#8243;]<div id=\"cz_22769\" class=\"cz_grid_p cz_22769\"><div class=\"cz_grid cz_grid_1 clr cz_metro_5 cz_grid_c3 cz_grid_1_no_title cz_grid_1_mid tac\" data-animation=\"cz_grid_anim_move_up\"><div class=\"cz_grid_item cz_grid_first\"><\/div><div class=\"cz_grid_item \"><div><a class=\"cz_grid_link \" href=\"https:\/\/arenalparaisoresort.com\/fr\/wp-content\/uploads\/2023\/10\/Los-mejores-platos-para-tu-disfrute.jpg\" data-xtra-lightbox><img decoding=\"async\" width=\"600\" height=\"586\" src=\"data:image\/svg+xml,%3Csvg%20xmlns%3D&#39;http%3A%2F%2Fwww.w3.org%2F2000%2Fsvg&#39;%20width=&#39;600&#39;%20height=&#39;586&#39;%20viewBox%3D&#39;0%200%20600%20586&#39;%2F%3E\" data-czlz data-src=\"https:\/\/arenalparaisoresort.com\/fr\/wp-content\/uploads\/2023\/10\/Los-mejores-platos-para-tu-disfrute-600x586.jpg\" class=\"attachment-codevz_600_600\" alt=\"\" title=\"Los-mejores-platos-para-tu-disfrute\" \/><div class=\"cz_grid_details\"><i class=\"fa czico-148-search-3 cz_grid_icon\"><\/i><\/div><\/a><\/div><\/div><div class=\"cz_grid_item \"><div><a class=\"cz_grid_link \" href=\"https:\/\/arenalparaisoresort.com\/fr\/wp-content\/uploads\/2023\/10\/Los-mejores-postres.jpg\" data-xtra-lightbox><img decoding=\"async\" width=\"600\" height=\"586\" src=\"data:image\/svg+xml,%3Csvg%20xmlns%3D&#39;http%3A%2F%2Fwww.w3.org%2F2000%2Fsvg&#39;%20width=&#39;600&#39;%20height=&#39;586&#39;%20viewBox%3D&#39;0%200%20600%20586&#39;%2F%3E\" data-czlz data-src=\"https:\/\/arenalparaisoresort.com\/fr\/wp-content\/uploads\/2023\/10\/Los-mejores-postres-600x586.jpg\" class=\"attachment-codevz_600_600\" alt=\"\" title=\"Los-mejores-postres\" \/><div class=\"cz_grid_details\"><i class=\"fa czico-148-search-3 cz_grid_icon\"><\/i><\/div><\/a><\/div><\/div><div class=\"cz_grid_item \"><div><a class=\"cz_grid_link \" href=\"https:\/\/arenalparaisoresort.com\/fr\/wp-content\/uploads\/2023\/10\/Los-mejores-platos.jpg\" data-xtra-lightbox><img decoding=\"async\" width=\"600\" height=\"586\" src=\"data:image\/svg+xml,%3Csvg%20xmlns%3D&#39;http%3A%2F%2Fwww.w3.org%2F2000%2Fsvg&#39;%20width=&#39;600&#39;%20height=&#39;586&#39;%20viewBox%3D&#39;0%200%20600%20586&#39;%2F%3E\" data-czlz data-src=\"https:\/\/arenalparaisoresort.com\/fr\/wp-content\/uploads\/2023\/10\/Los-mejores-platos-600x586.jpg\" class=\"attachment-codevz_600_600\" alt=\"\" title=\"Los-mejores-platos\" \/><div class=\"cz_grid_details\"><i class=\"fa czico-148-search-3 cz_grid_icon\"><\/i><\/div><\/a><\/div><\/div><div class=\"cz_grid_item \"><div><a class=\"cz_grid_link \" href=\"https:\/\/arenalparaisoresort.com\/fr\/wp-content\/uploads\/2023\/10\/desayuno-en-el-hotel.jpg\" data-xtra-lightbox><img decoding=\"async\" width=\"600\" height=\"586\" src=\"data:image\/svg+xml,%3Csvg%20xmlns%3D&#39;http%3A%2F%2Fwww.w3.org%2F2000%2Fsvg&#39;%20width=&#39;600&#39;%20height=&#39;586&#39;%20viewBox%3D&#39;0%200%20600%20586&#39;%2F%3E\" data-czlz data-src=\"https:\/\/arenalparaisoresort.com\/fr\/wp-content\/uploads\/2023\/10\/desayuno-en-el-hotel-600x586.jpg\" class=\"attachment-codevz_600_600\" alt=\"\" title=\"desayuno-en-el-hotel\" \/><div class=\"cz_grid_details\"><i class=\"fa czico-148-search-3 cz_grid_icon\"><\/i><\/div><\/a><\/div><\/div><div class=\"cz_grid_item \"><div><a class=\"cz_grid_link \" href=\"https:\/\/arenalparaisoresort.com\/fr\/wp-content\/uploads\/2023\/10\/restaurante-en-el-resort-spa-arenal-paraiso-cerca-del-volcan-en-costa-rica-2b.jpg\" data-xtra-lightbox><img decoding=\"async\" width=\"600\" height=\"586\" src=\"data:image\/svg+xml,%3Csvg%20xmlns%3D&#39;http%3A%2F%2Fwww.w3.org%2F2000%2Fsvg&#39;%20width=&#39;600&#39;%20height=&#39;586&#39;%20viewBox%3D&#39;0%200%20600%20586&#39;%2F%3E\" data-czlz data-src=\"https:\/\/arenalparaisoresort.com\/fr\/wp-content\/uploads\/2023\/10\/restaurante-en-el-resort-spa-arenal-paraiso-cerca-del-volcan-en-costa-rica-2b-600x586.jpg\" class=\"attachment-codevz_600_600\" alt=\"restaurante-en-el-resort-spa-arenal-paraiso-cerca-del-volcan-en-costa-rica-2b\" title=\"\" \/><div class=\"cz_grid_details\"><i class=\"fa czico-148-search-3 cz_grid_icon\"><\/i><\/div><\/a><\/div><\/div><div class=\"cz_grid_item \"><div><a class=\"cz_grid_link \" href=\"https:\/\/arenalparaisoresort.com\/fr\/wp-content\/uploads\/2023\/10\/restaurante-en-el-resort-spa-arenal-paraiso-cerca-del-volcan-en-costa-rica-4.jpg\" data-xtra-lightbox><img decoding=\"async\" width=\"600\" height=\"586\" src=\"data:image\/svg+xml,%3Csvg%20xmlns%3D&#39;http%3A%2F%2Fwww.w3.org%2F2000%2Fsvg&#39;%20width=&#39;600&#39;%20height=&#39;586&#39;%20viewBox%3D&#39;0%200%20600%20586&#39;%2F%3E\" data-czlz data-src=\"https:\/\/arenalparaisoresort.com\/fr\/wp-content\/uploads\/2023\/10\/restaurante-en-el-resort-spa-arenal-paraiso-cerca-del-volcan-en-costa-rica-4-600x586.jpg\" class=\"attachment-codevz_600_600\" alt=\"restaurante-en-el-resort-spa-arenal-paraiso-cerca-del-volcan-en-costa-rica-4\" title=\"\" \/><div class=\"cz_grid_details\"><i class=\"fa czico-148-search-3 cz_grid_icon\"><\/i><\/div><\/a><\/div><\/div><div class=\"cz_grid_item \"><div><a class=\"cz_grid_link \" href=\"https:\/\/arenalparaisoresort.com\/fr\/wp-content\/uploads\/2023\/10\/restaurante-en-el-resort-spa-arenal-paraiso-cerca-del-volcan-en-costa-rica-3.jpg\" data-xtra-lightbox><img decoding=\"async\" width=\"600\" height=\"586\" src=\"data:image\/svg+xml,%3Csvg%20xmlns%3D&#39;http%3A%2F%2Fwww.w3.org%2F2000%2Fsvg&#39;%20width=&#39;600&#39;%20height=&#39;586&#39;%20viewBox%3D&#39;0%200%20600%20586&#39;%2F%3E\" data-czlz data-src=\"https:\/\/arenalparaisoresort.com\/fr\/wp-content\/uploads\/2023\/10\/restaurante-en-el-resort-spa-arenal-paraiso-cerca-del-volcan-en-costa-rica-3-600x586.jpg\" class=\"attachment-codevz_600_600\" alt=\"restaurante-en-el-resort-spa-arenal-paraiso-cerca-del-volcan-en-costa-rica-3\" title=\"\" \/><div class=\"cz_grid_details\"><i class=\"fa czico-148-search-3 cz_grid_icon\"><\/i><\/div><\/a><\/div><\/div><div class=\"cz_grid_item \"><div><a class=\"cz_grid_link \" href=\"https:\/\/arenalparaisoresort.com\/fr\/wp-content\/uploads\/2023\/10\/restaurante-en-el-resort-spa-arenal-paraiso-cerca-del-volcan-en-costa-rica.jpg\" data-xtra-lightbox><img decoding=\"async\" width=\"600\" height=\"586\" src=\"data:image\/svg+xml,%3Csvg%20xmlns%3D&#39;http%3A%2F%2Fwww.w3.org%2F2000%2Fsvg&#39;%20width=&#39;600&#39;%20height=&#39;586&#39;%20viewBox%3D&#39;0%200%20600%20586&#39;%2F%3E\" data-czlz data-src=\"https:\/\/arenalparaisoresort.com\/fr\/wp-content\/uploads\/2023\/10\/restaurante-en-el-resort-spa-arenal-paraiso-cerca-del-volcan-en-costa-rica-600x586.jpg\" class=\"attachment-codevz_600_600\" alt=\"restaurante-en-el-resort-spa-arenal-paraiso-cerca-del-volcan-en-costa-rica\" title=\"\" \/><div class=\"cz_grid_details\"><i class=\"fa czico-148-search-3 cz_grid_icon\"><\/i><\/div><\/a><\/div><\/div><div class=\"cz_grid_item \"><div><a class=\"cz_grid_link \" href=\"https:\/\/arenalparaisoresort.com\/fr\/wp-content\/uploads\/2023\/10\/restaurante-en-el-resort-spa-arenal-paraiso-cerca-del-volcan-en-costa-rica-a.jpg\" data-xtra-lightbox><img decoding=\"async\" width=\"600\" height=\"586\" src=\"data:image\/svg+xml,%3Csvg%20xmlns%3D&#39;http%3A%2F%2Fwww.w3.org%2F2000%2Fsvg&#39;%20width=&#39;600&#39;%20height=&#39;586&#39;%20viewBox%3D&#39;0%200%20600%20586&#39;%2F%3E\" data-czlz data-src=\"https:\/\/arenalparaisoresort.com\/fr\/wp-content\/uploads\/2023\/10\/restaurante-en-el-resort-spa-arenal-paraiso-cerca-del-volcan-en-costa-rica-a-600x586.jpg\" class=\"attachment-codevz_600_600\" alt=\"\" title=\"restaurante-en-el-resort-spa-arenal-paraiso-cerca-del-volcan-en-costa-rica-a\" \/><div class=\"cz_grid_details\"><i class=\"fa czico-148-search-3 cz_grid_icon\"><\/i><\/div><\/a><\/div><\/div><\/div><\/div><div class=\"cz_gap clr  hide_on_mobile\" style=\"height: 150px\"><\/div><div class=\"cz_gap show_on_mobile clr\" style=\"height: 50px\"><\/div>[\/vc_column][\/vc_row][vc_row full_width=\u00bbstretch_row\u00bb css=\u00bb.vc_custom_1697222309870{background-color: #1b5831 !important;}\u00bb][vc_column]<div class=\"cz_eqh cz_content_box_parent_fx  \"><div id=\"cz_50438\" class=\"cz_50438 cz_content_box clr\"><div class=\"cz_box_front clr\"><div class=\"cz_box_front_inner clr \"><span><\/span><div>[vc_row_inner][vc_column_inner width=\u00bb2\/3&#8243;]<div id=\"cz_18798\" class=\"cz_18798 cz_title clr cz_title_pos_inline\"><div class=\"cz_title_content\"><div class=\"cz_wpe_content\"><p><span style=\"font-size: 32px; font-weight: bold; color: #ffffff;\">Visitez Arenal Para\u00edso Resort!<\/span><\/p>\n<\/div><\/div><\/div><div id=\"cz_88919\" class=\"cz_88919 cz_title clr cz_title_pos_inline\"><div class=\"cz_title_content\"><div class=\"cz_wpe_content\"><p><span style=\"color: #ffffff;\">Explorez le volcan Arenal et les sources thermales.<\/span><\/p>\n<\/div><\/div><\/div>[\/vc_column_inner][vc_column_inner width=\u00bb1\/3&#8243;]<div class=\"cz_gap clr \" style=\"height: 25px\"><\/div><div class=\"cz_btn_center\"><div class=\"cz_35455_p\"><a id=\"cz_35455\" class=\"cz_35455 cz_btn cz_btn_txt_no_fx cz_btn_no_fx cz_btn_icon_after\" href=\"https:\/\/reservations.orbebooking.com\/Search\/Init\/oE2qA\/es\" target=\"_blank\"><span><strong>R\u00c9SERVER<\/strong><i class=\"fa czico-110-calendar\"><\/i><\/span><b class=\"cz_btn_onhover\"><strong>R\u00c9SERVER<\/strong><i class=\"fa czico-110-calendar\"><\/i><\/b><\/a><\/div><\/div>[\/vc_column_inner][\/vc_row_inner]<\/div><\/div><\/div><\/div><\/div><div class=\"cz_gap clr \" style=\"height: 70px\"><\/div>[\/vc_column][\/vc_row]<\/p>\n<\/div>","protected":false},"excerpt":{"rendered":"<p>[vc_row full_width=\u00bbstretch_row\u00bb css=\u00bb.vc_custom_1697222159353{background-image: url(https:\/\/arenalresortspa.com\/wp-content\/uploads\/2023\/10\/fnd-volcan-arenal.jpg?id=1956) !important;background-position: 0 0 !important;background-repeat: no-repeat !important;background-position: center &#8230; <\/p>\n","protected":false},"author":1,"featured_media":0,"parent":0,"menu_order":0,"comment_status":"closed","ping_status":"closed","template":"","meta":{"footnotes":""},"class_list":["post-1949","page","type-page","status-publish","hentry"],"yoast_head":"<!-- This site is optimized with the Yoast SEO plugin v24.7 - https:\/\/yoast.com\/wordpress\/plugins\/seo\/ -->\n<title>Gastronomie - Arenal Para\u00edso<\/title>\n<meta name=\"robots\" content=\"index, follow, max-snippet:-1, max-image-preview:large, max-video-preview:-1\" \/>\n<link rel=\"canonical\" href=\"https:\/\/arenalparaisoresort.com\/fr\/gastronomie\/\" \/>\n<meta property=\"og:locale\" content=\"es_ES\" \/>\n<meta property=\"og:type\" content=\"article\" \/>\n<meta property=\"og:title\" content=\"Gastronomie - Arenal Para\u00edso\" \/>\n<meta property=\"og:description\" content=\"[vc_row full_width=\u00bbstretch_row\u00bb css=\u00bb.vc_custom_1697222159353{background-image: url(https:\/\/arenalresortspa.com\/wp-content\/uploads\/2023\/10\/fnd-volcan-arenal.jpg?id=1956) !important;background-position: 0 0 !important;background-repeat: no-repeat !important;background-position: center ...\" \/>\n<meta property=\"og:url\" content=\"https:\/\/arenalparaisoresort.com\/fr\/gastronomie\/\" \/>\n<meta property=\"og:site_name\" content=\"Arenal Para\u00edso\" \/>\n<meta property=\"article:modified_time\" content=\"2023-10-30T22:25:18+00:00\" \/>\n<meta name=\"twitter:card\" content=\"summary_large_image\" \/>\n<meta name=\"twitter:label1\" content=\"Tiempo estimado de lectura\" \/>\n\t<meta name=\"twitter:data1\" content=\"2 minutos\" \/>\n<script type=\"application\/ld+json\" class=\"yoast-schema-graph\">{\"@context\":\"https:\/\/schema.org\",\"@graph\":[{\"@type\":\"WebPage\",\"@id\":\"https:\/\/arenalparaisoresort.com\/fr\/gastronomie\/\",\"url\":\"https:\/\/arenalparaisoresort.com\/fr\/gastronomie\/\",\"name\":\"Gastronomie - Arenal Para\u00edso\",\"isPartOf\":{\"@id\":\"https:\/\/arenalparaisoresort.com\/fr\/#website\"},\"datePublished\":\"2023-10-13T18:15:06+00:00\",\"dateModified\":\"2023-10-30T22:25:18+00:00\",\"breadcrumb\":{\"@id\":\"https:\/\/arenalparaisoresort.com\/fr\/gastronomie\/#breadcrumb\"},\"inLanguage\":\"es\",\"potentialAction\":[{\"@type\":\"ReadAction\",\"target\":[\"https:\/\/arenalparaisoresort.com\/fr\/gastronomie\/\"]}]},{\"@type\":\"BreadcrumbList\",\"@id\":\"https:\/\/arenalparaisoresort.com\/fr\/gastronomie\/#breadcrumb\",\"itemListElement\":[{\"@type\":\"ListItem\",\"position\":1,\"name\":\"Portada\",\"item\":\"https:\/\/arenalparaisoresort.com\/fr\/\"},{\"@type\":\"ListItem\",\"position\":2,\"name\":\"Gastronomie\"}]},{\"@type\":\"WebSite\",\"@id\":\"https:\/\/arenalparaisoresort.com\/fr\/#website\",\"url\":\"https:\/\/arenalparaisoresort.com\/fr\/\",\"name\":\"Arenal Para\u00edso\",\"description\":\"\",\"potentialAction\":[{\"@type\":\"SearchAction\",\"target\":{\"@type\":\"EntryPoint\",\"urlTemplate\":\"https:\/\/arenalparaisoresort.com\/fr\/?s={search_term_string}\"},\"query-input\":{\"@type\":\"PropertyValueSpecification\",\"valueRequired\":true,\"valueName\":\"search_term_string\"}}],\"inLanguage\":\"es\"}]}<\/script>\n<!-- \/ Yoast SEO plugin. -->","yoast_head_json":{"title":"Gastronomie - Arenal Para\u00edso","robots":{"index":"index","follow":"follow","max-snippet":"max-snippet:-1","max-image-preview":"max-image-preview:large","max-video-preview":"max-video-preview:-1"},"canonical":"https:\/\/arenalparaisoresort.com\/fr\/gastronomie\/","og_locale":"es_ES","og_type":"article","og_title":"Gastronomie - Arenal Para\u00edso","og_description":"[vc_row full_width=\u00bbstretch_row\u00bb css=\u00bb.vc_custom_1697222159353{background-image: url(https:\/\/arenalresortspa.com\/wp-content\/uploads\/2023\/10\/fnd-volcan-arenal.jpg?id=1956) !important;background-position: 0 0 !important;background-repeat: no-repeat !important;background-position: center ...","og_url":"https:\/\/arenalparaisoresort.com\/fr\/gastronomie\/","og_site_name":"Arenal Para\u00edso","article_modified_time":"2023-10-30T22:25:18+00:00","twitter_card":"summary_large_image","twitter_misc":{"Tiempo estimado de lectura":"2 minutos"},"schema":{"@context":"https:\/\/schema.org","@graph":[{"@type":"WebPage","@id":"https:\/\/arenalparaisoresort.com\/fr\/gastronomie\/","url":"https:\/\/arenalparaisoresort.com\/fr\/gastronomie\/","name":"Gastronomie - Arenal Para\u00edso","isPartOf":{"@id":"https:\/\/arenalparaisoresort.com\/fr\/#website"},"datePublished":"2023-10-13T18:15:06+00:00","dateModified":"2023-10-30T22:25:18+00:00","breadcrumb":{"@id":"https:\/\/arenalparaisoresort.com\/fr\/gastronomie\/#breadcrumb"},"inLanguage":"es","potentialAction":[{"@type":"ReadAction","target":["https:\/\/arenalparaisoresort.com\/fr\/gastronomie\/"]}]},{"@type":"BreadcrumbList","@id":"https:\/\/arenalparaisoresort.com\/fr\/gastronomie\/#breadcrumb","itemListElement":[{"@type":"ListItem","position":1,"name":"Portada","item":"https:\/\/arenalparaisoresort.com\/fr\/"},{"@type":"ListItem","position":2,"name":"Gastronomie"}]},{"@type":"WebSite","@id":"https:\/\/arenalparaisoresort.com\/fr\/#website","url":"https:\/\/arenalparaisoresort.com\/fr\/","name":"Arenal Para\u00edso","description":"","potentialAction":[{"@type":"SearchAction","target":{"@type":"EntryPoint","urlTemplate":"https:\/\/arenalparaisoresort.com\/fr\/?s={search_term_string}"},"query-input":{"@type":"PropertyValueSpecification","valueRequired":true,"valueName":"search_term_string"}}],"inLanguage":"es"}]}},"_links":{"self":[{"href":"https:\/\/arenalparaisoresort.com\/fr\/wp-json\/wp\/v2\/pages\/1949","targetHints":{"allow":["GET"]}}],"collection":[{"href":"https:\/\/arenalparaisoresort.com\/fr\/wp-json\/wp\/v2\/pages"}],"about":[{"href":"https:\/\/arenalparaisoresort.com\/fr\/wp-json\/wp\/v2\/types\/page"}],"author":[{"embeddable":true,"href":"https:\/\/arenalparaisoresort.com\/fr\/wp-json\/wp\/v2\/users\/1"}],"replies":[{"embeddable":true,"href":"https:\/\/arenalparaisoresort.com\/fr\/wp-json\/wp\/v2\/comments?post=1949"}],"version-history":[{"count":15,"href":"https:\/\/arenalparaisoresort.com\/fr\/wp-json\/wp\/v2\/pages\/1949\/revisions"}],"predecessor-version":[{"id":2059,"href":"https:\/\/arenalparaisoresort.com\/fr\/wp-json\/wp\/v2\/pages\/1949\/revisions\/2059"}],"wp:attachment":[{"href":"https:\/\/arenalparaisoresort.com\/fr\/wp-json\/wp\/v2\/media?parent=1949"}],"curies":[{"name":"wp","href":"https:\/\/api.w.org\/{rel}","templated":true}]}}