{"id":1968,"date":"2023-10-13T14:54:48","date_gmt":"2023-10-13T18:54:48","guid":{"rendered":"https:\/\/arenalresortspa.com\/?page_id=1968"},"modified":"2023-11-09T19:24:36","modified_gmt":"2023-11-09T23:24:36","slug":"canopee-et-equitation","status":"publish","type":"page","link":"https:\/\/arenalparaisoresort.com\/fr\/canopee-et-equitation\/","title":{"rendered":"Canop\u00e9e et \u00e9quitation"},"content":{"rendered":"<div class=\"wpb-content-wrapper\"><p>[vc_row full_width=\u00bbstretch_row\u00bb css=\u00bb.vc_custom_1697228252100{background-position: 0 0 !important;background-repeat: no-repeat !important;}\u00bb][vc_column offset=\u00bbvc_col-md-6&#8243;]<div class=\"cz_eqh cz_content_box_parent_fx  z99\"><div id=\"cz_46571\" class=\"cz_46571 cz_content_box clr\"><div class=\"cz_box_front clr\"><div class=\"cz_box_front_inner clr \"><span><\/span><div><div id=\"cz_88860\" class=\"cz_88860 cz_title clr cz_mobile_text_center cz_title_pos_inline\"><div class=\"cz_title_shape shape_square cz_shape_1\"><\/div><div class=\"cz_title_shape shape_square cz_shape_2\"><\/div><div class=\"cz_title_content\"><div class=\"cz_wpe_content\"><h1>Zipline<\/h1>\n<\/div><\/div><\/div><div class=\"cz_gap clr \" style=\"height: 80px\"><\/div><div id=\"cz_74632\" class=\"cz_74632 cz_title clr cz_title_pos_inline\"><div class=\"cz_title_content\"><div class=\"cz_wpe_content\"><p>La tyrolienne est l&#8217;excursion par excellence que tout le monde doit faire lorsqu&#8217;il vient au Costa Rica. Vous allez adorer l&#8217;attention personnalis\u00e9e.<\/p>\n<\/div><\/div><\/div><div class=\"cz_gap clr \" style=\"height: 25px\"><\/div><div id=\"cz_38146\" class=\"cz_38146 cz_title clr cz_title_pos_inline\"><div class=\"cz_title_content\"><div class=\"cz_wpe_content\"><p>Vous recevrez votre \u00e9quipement de s\u00e9curit\u00e9 de haute qualit\u00e9, un casque, un harnais, des gants et une s\u00e9ance d&#8217;information compl\u00e8te sur la s\u00e9curit\u00e9 du parcours. Ensuite, pr\u00e9parez-vous pour une exp\u00e9rience unique dans une vie, glissant \u00e0 travers la for\u00eat tropicale sur une s\u00e9rie de tyroliennes pouvant atteindre jusqu&#8217;\u00e0 350 m\u00e8tres de long.<\/p>\n<\/div><\/div><\/div><div class=\"cz_gap clr \" style=\"height: 25px\"><\/div><div id=\"cz_36764\" class=\"cz_36764 cz_title clr cz_title_pos_inline\"><div class=\"cz_title_content\"><div class=\"cz_wpe_content\"><p>Pendant le parcours, vous aurez une vue imprenable sur les montagnes environnantes, les rivi\u00e8res et le colossal volcan Arenal. Gardez les yeux ouverts pour voir des toucans, des singes, des paresseux, des papillons et diff\u00e9rentes esp\u00e8ces d&#8217;oiseaux!<\/p>\n<\/div><\/div><\/div><div class=\"cz_gap clr \" style=\"height: 25px\"><\/div><div id=\"cz_94297\" class=\"cz_94297 cz_title clr cz_title_pos_inline\"><div class=\"cz_title_content\"><div class=\"cz_wpe_content\"><p>Ce sera le plus grand plaisir que vous aurez au Costa Rica pr\u00e8s du volcan Arenal.<\/p>\n<\/div><\/div><\/div><div class=\"cz_gap clr \" style=\"height: 30px\"><\/div><\/div><\/div><\/div><\/div><\/div>[\/vc_column][vc_column offset=\u00bbvc_col-md-6&#8243;]<div id=\"cz_49558\" class=\"cz_grid_p cz_49558\"><div class=\"cz_grid cz_grid_1 clr cz_metro_5 cz_grid_c3 cz_grid_1_no_title cz_grid_1_mid tac\" data-animation=\"cz_grid_anim_move_up\"><div class=\"cz_grid_item cz_grid_first\"><\/div><div class=\"cz_grid_item \"><div><a class=\"cz_grid_link \" href=\"https:\/\/arenalparaisoresort.com\/fr\/wp-content\/uploads\/2023\/10\/canopy-en-arenal-paraiso-costa-rica-volcan-3-1.jpg\" data-xtra-lightbox><img decoding=\"async\" width=\"600\" height=\"586\" src=\"data:image\/svg+xml,%3Csvg%20xmlns%3D&#39;http%3A%2F%2Fwww.w3.org%2F2000%2Fsvg&#39;%20width=&#39;600&#39;%20height=&#39;586&#39;%20viewBox%3D&#39;0%200%20600%20586&#39;%2F%3E\" data-czlz data-src=\"https:\/\/arenalparaisoresort.com\/fr\/wp-content\/uploads\/2023\/10\/canopy-en-arenal-paraiso-costa-rica-volcan-3-1-600x586.jpg\" class=\"attachment-codevz_600_600\" alt=\"canopy-en-arenal-paraiso-costa-rica-volcan-3\" title=\"\" \/><div class=\"cz_grid_details\"><i class=\"fa czico-148-search-3 cz_grid_icon\"><\/i><\/div><\/a><\/div><\/div><div class=\"cz_grid_item \"><div><a class=\"cz_grid_link \" href=\"https:\/\/arenalparaisoresort.com\/fr\/wp-content\/uploads\/2023\/10\/canopy-en-arenal-paraiso-costa-rica-volcan-2-1.jpg\" data-xtra-lightbox><img decoding=\"async\" width=\"600\" height=\"586\" src=\"data:image\/svg+xml,%3Csvg%20xmlns%3D&#39;http%3A%2F%2Fwww.w3.org%2F2000%2Fsvg&#39;%20width=&#39;600&#39;%20height=&#39;586&#39;%20viewBox%3D&#39;0%200%20600%20586&#39;%2F%3E\" data-czlz data-src=\"https:\/\/arenalparaisoresort.com\/fr\/wp-content\/uploads\/2023\/10\/canopy-en-arenal-paraiso-costa-rica-volcan-2-1-600x586.jpg\" class=\"attachment-codevz_600_600\" alt=\"canopy-en-arenal-paraiso-costa-rica-volcan-2\" title=\"\" \/><div class=\"cz_grid_details\"><i class=\"fa czico-148-search-3 cz_grid_icon\"><\/i><\/div><\/a><\/div><\/div><div class=\"cz_grid_item \"><div><a class=\"cz_grid_link \" href=\"https:\/\/arenalparaisoresort.com\/fr\/wp-content\/uploads\/2023\/10\/canopy-en-arenal-paraiso-costa-rica-volcan-1.jpg\" data-xtra-lightbox><img decoding=\"async\" width=\"600\" height=\"586\" src=\"data:image\/svg+xml,%3Csvg%20xmlns%3D&#39;http%3A%2F%2Fwww.w3.org%2F2000%2Fsvg&#39;%20width=&#39;600&#39;%20height=&#39;586&#39;%20viewBox%3D&#39;0%200%20600%20586&#39;%2F%3E\" data-czlz data-src=\"https:\/\/arenalparaisoresort.com\/fr\/wp-content\/uploads\/2023\/10\/canopy-en-arenal-paraiso-costa-rica-volcan-1-600x586.jpg\" class=\"attachment-codevz_600_600\" alt=\"canopy-en-arenal-paraiso-costa-rica-volcan-1\" title=\"\" \/><div class=\"cz_grid_details\"><i class=\"fa czico-148-search-3 cz_grid_icon\"><\/i><\/div><\/a><\/div><\/div><div class=\"cz_grid_item \"><div><a class=\"cz_grid_link \" href=\"https:\/\/arenalparaisoresort.com\/fr\/wp-content\/uploads\/2023\/10\/canopy-pabellon-en-el-hotel-resort-arenal-paraiso-cerca-del-volcan.jpg\" data-xtra-lightbox><img decoding=\"async\" width=\"600\" height=\"586\" src=\"data:image\/svg+xml,%3Csvg%20xmlns%3D&#39;http%3A%2F%2Fwww.w3.org%2F2000%2Fsvg&#39;%20width=&#39;600&#39;%20height=&#39;586&#39;%20viewBox%3D&#39;0%200%20600%20586&#39;%2F%3E\" data-czlz data-src=\"https:\/\/arenalparaisoresort.com\/fr\/wp-content\/uploads\/2023\/10\/canopy-pabellon-en-el-hotel-resort-arenal-paraiso-cerca-del-volcan-600x586.jpg\" class=\"attachment-codevz_600_600\" alt=\"\" title=\"canopy-pabellon-en-el-hotel-resort-arenal-paraiso-cerca-del-volcan\" \/><div class=\"cz_grid_details\"><i class=\"fa czico-148-search-3 cz_grid_icon\"><\/i><\/div><\/a><\/div><\/div><div class=\"cz_grid_item \"><div><a class=\"cz_grid_link \" href=\"https:\/\/arenalparaisoresort.com\/fr\/wp-content\/uploads\/2023\/10\/canopy-en-arenal-paraiso-costa-rica-volcan-2.jpg\" data-xtra-lightbox><img decoding=\"async\" width=\"600\" height=\"586\" src=\"data:image\/svg+xml,%3Csvg%20xmlns%3D&#39;http%3A%2F%2Fwww.w3.org%2F2000%2Fsvg&#39;%20width=&#39;600&#39;%20height=&#39;586&#39;%20viewBox%3D&#39;0%200%20600%20586&#39;%2F%3E\" data-czlz data-src=\"https:\/\/arenalparaisoresort.com\/fr\/wp-content\/uploads\/2023\/10\/canopy-en-arenal-paraiso-costa-rica-volcan-2-600x586.jpg\" class=\"attachment-codevz_600_600\" alt=\"canopy-en-arenal-paraiso-costa-rica-volcan-2\" title=\"\" \/><div class=\"cz_grid_details\"><i class=\"fa czico-148-search-3 cz_grid_icon\"><\/i><\/div><\/a><\/div><\/div><div class=\"cz_grid_item \"><div><a class=\"cz_grid_link \" href=\"https:\/\/arenalparaisoresort.com\/fr\/wp-content\/uploads\/2023\/10\/tucan-cerca-del-volcan-arenal-en-costa-rica.jpg\" data-xtra-lightbox><img decoding=\"async\" width=\"600\" height=\"586\" src=\"data:image\/svg+xml,%3Csvg%20xmlns%3D&#39;http%3A%2F%2Fwww.w3.org%2F2000%2Fsvg&#39;%20width=&#39;600&#39;%20height=&#39;586&#39;%20viewBox%3D&#39;0%200%20600%20586&#39;%2F%3E\" data-czlz data-src=\"https:\/\/arenalparaisoresort.com\/fr\/wp-content\/uploads\/2023\/10\/tucan-cerca-del-volcan-arenal-en-costa-rica-600x586.jpg\" class=\"attachment-codevz_600_600\" alt=\"\" title=\"tucan-cerca-del-volcan-arenal-en-costa-rica\" \/><div class=\"cz_grid_details\"><i class=\"fa czico-148-search-3 cz_grid_icon\"><\/i><\/div><\/a><\/div><\/div><\/div><\/div><div class=\"cz_gap clr \" style=\"height: 70px\"><\/div>[\/vc_column][\/vc_row][vc_row full_width=\u00bbstretch_row\u00bb css=\u00bb.vc_custom_1697222159353{background-image: url(https:\/\/arenalresortspa.com\/wp-content\/uploads\/2023\/10\/fnd-volcan-arenal.jpg?id=1956) !important;background-position: 0 0 !important;background-repeat: no-repeat !important;background-position: center bottom !important;}\u00bb][vc_column offset=\u00bbvc_col-md-6&#8243;]<div class=\"cz_gap clr \" style=\"height: 90px\"><\/div><div id=\"cz_86381\" class=\"cz_grid_p cz_86381\"><div class=\"cz_grid cz_grid_1 clr cz_metro_5 cz_grid_c3 cz_grid_1_no_title cz_grid_1_mid tac\" data-animation=\"cz_grid_anim_move_up\"><div class=\"cz_grid_item cz_grid_first\"><\/div><div class=\"cz_grid_item \"><div><a class=\"cz_grid_link \" href=\"https:\/\/arenalparaisoresort.com\/fr\/wp-content\/uploads\/2023\/10\/Cabalgata-en-el-Hotel-Arenal-Paraiso-2.jpg\" data-xtra-lightbox><img decoding=\"async\" width=\"600\" height=\"586\" src=\"data:image\/svg+xml,%3Csvg%20xmlns%3D&#39;http%3A%2F%2Fwww.w3.org%2F2000%2Fsvg&#39;%20width=&#39;600&#39;%20height=&#39;586&#39;%20viewBox%3D&#39;0%200%20600%20586&#39;%2F%3E\" data-czlz data-src=\"https:\/\/arenalparaisoresort.com\/fr\/wp-content\/uploads\/2023\/10\/Cabalgata-en-el-Hotel-Arenal-Paraiso-2-600x586.jpg\" class=\"attachment-codevz_600_600\" alt=\"\" title=\"Cabalgata-en-el-Hotel-Arenal-Paraiso-2\" \/><div class=\"cz_grid_details\"><i class=\"fa czico-148-search-3 cz_grid_icon\"><\/i><\/div><\/a><\/div><\/div><div class=\"cz_grid_item \"><div><a class=\"cz_grid_link \" href=\"https:\/\/arenalparaisoresort.com\/fr\/wp-content\/uploads\/2023\/10\/Cabalgata-en-el-Hotel-Arenal-Paraiso.jpg\" data-xtra-lightbox><img decoding=\"async\" width=\"600\" height=\"586\" src=\"data:image\/svg+xml,%3Csvg%20xmlns%3D&#39;http%3A%2F%2Fwww.w3.org%2F2000%2Fsvg&#39;%20width=&#39;600&#39;%20height=&#39;586&#39;%20viewBox%3D&#39;0%200%20600%20586&#39;%2F%3E\" data-czlz data-src=\"https:\/\/arenalparaisoresort.com\/fr\/wp-content\/uploads\/2023\/10\/Cabalgata-en-el-Hotel-Arenal-Paraiso-600x586.jpg\" class=\"attachment-codevz_600_600\" alt=\"\" title=\"Cabalgata-en-el-Hotel-Arenal-Paraiso\" \/><div class=\"cz_grid_details\"><i class=\"fa czico-148-search-3 cz_grid_icon\"><\/i><\/div><\/a><\/div><\/div><div class=\"cz_grid_item \"><div><a class=\"cz_grid_link \" href=\"https:\/\/arenalparaisoresort.com\/fr\/wp-content\/uploads\/2023\/10\/cabalgata-en-el-hotel-resort-arenal-paraiso-2.jpg\" data-xtra-lightbox><img decoding=\"async\" width=\"600\" height=\"586\" src=\"data:image\/svg+xml,%3Csvg%20xmlns%3D&#39;http%3A%2F%2Fwww.w3.org%2F2000%2Fsvg&#39;%20width=&#39;600&#39;%20height=&#39;586&#39;%20viewBox%3D&#39;0%200%20600%20586&#39;%2F%3E\" data-czlz data-src=\"https:\/\/arenalparaisoresort.com\/fr\/wp-content\/uploads\/2023\/10\/cabalgata-en-el-hotel-resort-arenal-paraiso-2-600x586.jpg\" class=\"attachment-codevz_600_600\" alt=\"cabalgata-en-el-hotel-resort-arenal-paraiso-2\" title=\"\" \/><div class=\"cz_grid_details\"><i class=\"fa czico-148-search-3 cz_grid_icon\"><\/i><\/div><\/a><\/div><\/div><div class=\"cz_grid_item \"><div><a class=\"cz_grid_link \" href=\"https:\/\/arenalparaisoresort.com\/fr\/wp-content\/uploads\/2023\/10\/Excelentes-vistas-desde-el-Hotel-Arenal-Paraiso.jpg\" data-xtra-lightbox><img decoding=\"async\" width=\"600\" height=\"586\" src=\"data:image\/svg+xml,%3Csvg%20xmlns%3D&#39;http%3A%2F%2Fwww.w3.org%2F2000%2Fsvg&#39;%20width=&#39;600&#39;%20height=&#39;586&#39;%20viewBox%3D&#39;0%200%20600%20586&#39;%2F%3E\" data-czlz data-src=\"https:\/\/arenalparaisoresort.com\/fr\/wp-content\/uploads\/2023\/10\/Excelentes-vistas-desde-el-Hotel-Arenal-Paraiso-600x586.jpg\" class=\"attachment-codevz_600_600\" alt=\"\" title=\"\" \/><div class=\"cz_grid_details\"><i class=\"fa czico-148-search-3 cz_grid_icon\"><\/i><\/div><\/a><\/div><\/div><div class=\"cz_grid_item \"><div><a class=\"cz_grid_link \" href=\"https:\/\/arenalparaisoresort.com\/fr\/wp-content\/uploads\/2023\/10\/cabalgata-en-el-hotel-resort-arenal-paraiso-1.jpg\" data-xtra-lightbox><img decoding=\"async\" width=\"600\" height=\"586\" src=\"data:image\/svg+xml,%3Csvg%20xmlns%3D&#39;http%3A%2F%2Fwww.w3.org%2F2000%2Fsvg&#39;%20width=&#39;600&#39;%20height=&#39;586&#39;%20viewBox%3D&#39;0%200%20600%20586&#39;%2F%3E\" data-czlz data-src=\"https:\/\/arenalparaisoresort.com\/fr\/wp-content\/uploads\/2023\/10\/cabalgata-en-el-hotel-resort-arenal-paraiso-1-600x586.jpg\" class=\"attachment-codevz_600_600\" alt=\"\" title=\"\" \/><div class=\"cz_grid_details\"><i class=\"fa czico-148-search-3 cz_grid_icon\"><\/i><\/div><\/a><\/div><\/div><div class=\"cz_grid_item \"><div><a class=\"cz_grid_link \" href=\"https:\/\/arenalparaisoresort.com\/fr\/wp-content\/uploads\/2023\/10\/cabalgata-en-el-hotel-resort-arenal-paraisp-2.jpg\" data-xtra-lightbox><img decoding=\"async\" width=\"600\" height=\"586\" src=\"data:image\/svg+xml,%3Csvg%20xmlns%3D&#39;http%3A%2F%2Fwww.w3.org%2F2000%2Fsvg&#39;%20width=&#39;600&#39;%20height=&#39;586&#39;%20viewBox%3D&#39;0%200%20600%20586&#39;%2F%3E\" data-czlz data-src=\"https:\/\/arenalparaisoresort.com\/fr\/wp-content\/uploads\/2023\/10\/cabalgata-en-el-hotel-resort-arenal-paraisp-2-600x586.jpg\" class=\"attachment-codevz_600_600\" alt=\"\" title=\"cabalgata-en-el-hotel-resort-arenal-paraisp-2\" \/><div class=\"cz_grid_details\"><i class=\"fa czico-148-search-3 cz_grid_icon\"><\/i><\/div><\/a><\/div><\/div><\/div><\/div><div class=\"cz_gap clr  hide_on_mobile\" style=\"height: 150px\"><\/div><div class=\"cz_gap show_on_mobile clr\" style=\"height: 50px\"><\/div>[\/vc_column][vc_column offset=\u00bbvc_col-md-6&#8243;]<div class=\"cz_gap clr \" style=\"height: 90px\"><\/div><div class=\"cz_eqh cz_content_box_parent_fx  z99\"><div id=\"cz_46571\" class=\"cz_46571 cz_content_box clr\"><div class=\"cz_box_front clr\"><div class=\"cz_box_front_inner clr \"><span><\/span><div><div id=\"cz_21571\" class=\"cz_21571 cz_title clr cz_mobile_text_center cz_title_pos_inline\"><div class=\"cz_title_shape shape_square cz_shape_1\"><\/div><div class=\"cz_title_shape shape_square cz_shape_2\"><\/div><div class=\"cz_title_content\"><div class=\"cz_wpe_content\"><h1>Randonn\u00e9e \u00e0 cheval<\/h1>\n<\/div><\/div><\/div><div class=\"cz_gap clr \" style=\"height: 80px\"><\/div><div id=\"cz_101404\" class=\"cz_101404 cz_title clr cz_title_pos_inline\"><div class=\"cz_title_content\"><div class=\"cz_wpe_content\"><p>Ce circuit \u00e0 cheval est parfait pour les amoureux des chevaux et de la nature qui souhaitent d\u00e9couvrir la v\u00e9ritable for\u00eat tropicale du Costa Rica, en particulier s&#8217;ils recherchent des activit\u00e9s \u00e0 faire \u00e0 La Fortuna!.<\/p>\n<\/div><\/div><\/div><div class=\"cz_gap clr \" style=\"height: 25px\"><\/div><div id=\"cz_73921\" class=\"cz_73921 cz_title clr cz_title_pos_inline\"><div class=\"cz_title_content\"><div class=\"cz_wpe_content\"><p>Vous traverserez diff\u00e9rents types de terrains, notamment de petites rivi\u00e8res et des paysages inoubliables. Vous arriverez finalement au belv\u00e9d\u00e8re le plus proche du volcan Arenal.<\/p>\n<\/div><\/div><\/div><div class=\"cz_gap clr \" style=\"height: 30px\"><\/div><\/div><\/div><\/div><\/div><\/div><div class=\"cz_gap clr  hide_on_mobile\" style=\"height: 150px\"><\/div><div class=\"cz_gap show_on_mobile clr\" style=\"height: 50px\"><\/div>[\/vc_column][\/vc_row][vc_row full_width=\u00bbstretch_row\u00bb css=\u00bb.vc_custom_1697222309870{background-color: #1b5831 !important;}\u00bb][vc_column]<div class=\"cz_eqh cz_content_box_parent_fx  \"><div id=\"cz_50438\" class=\"cz_50438 cz_content_box clr\"><div class=\"cz_box_front clr\"><div class=\"cz_box_front_inner clr \"><span><\/span><div>[vc_row_inner][vc_column_inner width=\u00bb2\/3&#8243;]<div id=\"cz_100135\" class=\"cz_100135 cz_title clr cz_title_pos_inline\"><div class=\"cz_title_content\"><div class=\"cz_wpe_content\"><p><span style=\"font-size: 32px; font-weight: bold; color: #ffffff;\">Visitez Arenal Para\u00edso Resort!<\/span><\/p>\n<\/div><\/div><\/div><div id=\"cz_54365\" class=\"cz_54365 cz_title clr cz_title_pos_inline\"><div class=\"cz_title_content\"><div class=\"cz_wpe_content\"><p><span style=\"color: #ffffff;\">Explorez le volcan Arenal et les sources thermales.<\/span><\/p>\n<\/div><\/div><\/div>[\/vc_column_inner][vc_column_inner width=\u00bb1\/3&#8243;]<div class=\"cz_gap clr \" style=\"height: 25px\"><\/div><div class=\"cz_btn_center\"><div class=\"cz_71675_p\"><a id=\"cz_71675\" class=\"cz_71675 cz_btn cz_btn_txt_no_fx cz_btn_no_fx cz_btn_icon_after\" href=\"https:\/\/reservations.orbebooking.com\/Search\/Init\/oE2qA\/es\" target=\"_blank\"><span><strong>R\u00c9SERVER<\/strong><i class=\"fa czico-110-calendar\"><\/i><\/span><b class=\"cz_btn_onhover\"><strong>R\u00c9SERVER<\/strong><i class=\"fa czico-110-calendar\"><\/i><\/b><\/a><\/div><\/div>[\/vc_column_inner][\/vc_row_inner]<\/div><\/div><\/div><\/div><\/div><div class=\"cz_gap clr \" style=\"height: 70px\"><\/div>[\/vc_column][\/vc_row]<\/p>\n<\/div>","protected":false},"excerpt":{"rendered":"<p>[vc_row full_width=\u00bbstretch_row\u00bb css=\u00bb.vc_custom_1697228252100{background-position: 0 0 !important;background-repeat: no-repeat !important;}\u00bb][vc_column offset=\u00bbvc_col-md-6&#8243;][\/vc_column][vc_column offset=\u00bbvc_col-md-6&#8243;][\/vc_column][\/vc_row][vc_row full_width=\u00bbstretch_row\u00bb &#8230; <\/p>\n","protected":false},"author":1,"featured_media":0,"parent":0,"menu_order":0,"comment_status":"closed","ping_status":"closed","template":"","meta":{"footnotes":""},"class_list":["post-1968","page","type-page","status-publish","hentry"],"yoast_head":"<!-- This site is optimized with the Yoast SEO plugin v24.7 - https:\/\/yoast.com\/wordpress\/plugins\/seo\/ -->\n<title>Canop\u00e9e et \u00e9quitation - Arenal Para\u00edso<\/title>\n<meta name=\"robots\" content=\"index, follow, max-snippet:-1, max-image-preview:large, max-video-preview:-1\" \/>\n<link rel=\"canonical\" href=\"https:\/\/arenalparaisoresort.com\/fr\/canopee-et-equitation\/\" \/>\n<meta property=\"og:locale\" content=\"es_ES\" \/>\n<meta property=\"og:type\" content=\"article\" \/>\n<meta property=\"og:title\" content=\"Canop\u00e9e et \u00e9quitation - Arenal Para\u00edso\" \/>\n<meta property=\"og:description\" content=\"[vc_row full_width=\u00bbstretch_row\u00bb css=\u00bb.vc_custom_1697228252100{background-position: 0 0 !important;background-repeat: no-repeat !important;}\u00bb][vc_column offset=\u00bbvc_col-md-6&#8243;][\/vc_column][vc_column offset=\u00bbvc_col-md-6&#8243;][\/vc_column][\/vc_row][vc_row full_width=\u00bbstretch_row\u00bb ...\" \/>\n<meta property=\"og:url\" content=\"https:\/\/arenalparaisoresort.com\/fr\/canopee-et-equitation\/\" \/>\n<meta property=\"og:site_name\" content=\"Arenal Para\u00edso\" \/>\n<meta property=\"article:modified_time\" content=\"2023-11-09T23:24:36+00:00\" \/>\n<meta name=\"twitter:card\" content=\"summary_large_image\" \/>\n<meta name=\"twitter:label1\" content=\"Tiempo estimado de lectura\" \/>\n\t<meta name=\"twitter:data1\" content=\"2 minutos\" \/>\n<script type=\"application\/ld+json\" class=\"yoast-schema-graph\">{\"@context\":\"https:\/\/schema.org\",\"@graph\":[{\"@type\":\"WebPage\",\"@id\":\"https:\/\/arenalparaisoresort.com\/fr\/canopee-et-equitation\/\",\"url\":\"https:\/\/arenalparaisoresort.com\/fr\/canopee-et-equitation\/\",\"name\":\"Canop\u00e9e et \u00e9quitation - Arenal Para\u00edso\",\"isPartOf\":{\"@id\":\"https:\/\/arenalparaisoresort.com\/fr\/#website\"},\"datePublished\":\"2023-10-13T18:54:48+00:00\",\"dateModified\":\"2023-11-09T23:24:36+00:00\",\"breadcrumb\":{\"@id\":\"https:\/\/arenalparaisoresort.com\/fr\/canopee-et-equitation\/#breadcrumb\"},\"inLanguage\":\"es\",\"potentialAction\":[{\"@type\":\"ReadAction\",\"target\":[\"https:\/\/arenalparaisoresort.com\/fr\/canopee-et-equitation\/\"]}]},{\"@type\":\"BreadcrumbList\",\"@id\":\"https:\/\/arenalparaisoresort.com\/fr\/canopee-et-equitation\/#breadcrumb\",\"itemListElement\":[{\"@type\":\"ListItem\",\"position\":1,\"name\":\"Portada\",\"item\":\"https:\/\/arenalparaisoresort.com\/fr\/\"},{\"@type\":\"ListItem\",\"position\":2,\"name\":\"Canop\u00e9e et \u00e9quitation\"}]},{\"@type\":\"WebSite\",\"@id\":\"https:\/\/arenalparaisoresort.com\/fr\/#website\",\"url\":\"https:\/\/arenalparaisoresort.com\/fr\/\",\"name\":\"Arenal Para\u00edso\",\"description\":\"\",\"potentialAction\":[{\"@type\":\"SearchAction\",\"target\":{\"@type\":\"EntryPoint\",\"urlTemplate\":\"https:\/\/arenalparaisoresort.com\/fr\/?s={search_term_string}\"},\"query-input\":{\"@type\":\"PropertyValueSpecification\",\"valueRequired\":true,\"valueName\":\"search_term_string\"}}],\"inLanguage\":\"es\"}]}<\/script>\n<!-- \/ Yoast SEO plugin. -->","yoast_head_json":{"title":"Canop\u00e9e et \u00e9quitation - Arenal Para\u00edso","robots":{"index":"index","follow":"follow","max-snippet":"max-snippet:-1","max-image-preview":"max-image-preview:large","max-video-preview":"max-video-preview:-1"},"canonical":"https:\/\/arenalparaisoresort.com\/fr\/canopee-et-equitation\/","og_locale":"es_ES","og_type":"article","og_title":"Canop\u00e9e et \u00e9quitation - Arenal Para\u00edso","og_description":"[vc_row full_width=\u00bbstretch_row\u00bb css=\u00bb.vc_custom_1697228252100{background-position: 0 0 !important;background-repeat: no-repeat !important;}\u00bb][vc_column offset=\u00bbvc_col-md-6&#8243;][\/vc_column][vc_column offset=\u00bbvc_col-md-6&#8243;][\/vc_column][\/vc_row][vc_row full_width=\u00bbstretch_row\u00bb ...","og_url":"https:\/\/arenalparaisoresort.com\/fr\/canopee-et-equitation\/","og_site_name":"Arenal Para\u00edso","article_modified_time":"2023-11-09T23:24:36+00:00","twitter_card":"summary_large_image","twitter_misc":{"Tiempo estimado de lectura":"2 minutos"},"schema":{"@context":"https:\/\/schema.org","@graph":[{"@type":"WebPage","@id":"https:\/\/arenalparaisoresort.com\/fr\/canopee-et-equitation\/","url":"https:\/\/arenalparaisoresort.com\/fr\/canopee-et-equitation\/","name":"Canop\u00e9e et \u00e9quitation - Arenal Para\u00edso","isPartOf":{"@id":"https:\/\/arenalparaisoresort.com\/fr\/#website"},"datePublished":"2023-10-13T18:54:48+00:00","dateModified":"2023-11-09T23:24:36+00:00","breadcrumb":{"@id":"https:\/\/arenalparaisoresort.com\/fr\/canopee-et-equitation\/#breadcrumb"},"inLanguage":"es","potentialAction":[{"@type":"ReadAction","target":["https:\/\/arenalparaisoresort.com\/fr\/canopee-et-equitation\/"]}]},{"@type":"BreadcrumbList","@id":"https:\/\/arenalparaisoresort.com\/fr\/canopee-et-equitation\/#breadcrumb","itemListElement":[{"@type":"ListItem","position":1,"name":"Portada","item":"https:\/\/arenalparaisoresort.com\/fr\/"},{"@type":"ListItem","position":2,"name":"Canop\u00e9e et \u00e9quitation"}]},{"@type":"WebSite","@id":"https:\/\/arenalparaisoresort.com\/fr\/#website","url":"https:\/\/arenalparaisoresort.com\/fr\/","name":"Arenal Para\u00edso","description":"","potentialAction":[{"@type":"SearchAction","target":{"@type":"EntryPoint","urlTemplate":"https:\/\/arenalparaisoresort.com\/fr\/?s={search_term_string}"},"query-input":{"@type":"PropertyValueSpecification","valueRequired":true,"valueName":"search_term_string"}}],"inLanguage":"es"}]}},"_links":{"self":[{"href":"https:\/\/arenalparaisoresort.com\/fr\/wp-json\/wp\/v2\/pages\/1968","targetHints":{"allow":["GET"]}}],"collection":[{"href":"https:\/\/arenalparaisoresort.com\/fr\/wp-json\/wp\/v2\/pages"}],"about":[{"href":"https:\/\/arenalparaisoresort.com\/fr\/wp-json\/wp\/v2\/types\/page"}],"author":[{"embeddable":true,"href":"https:\/\/arenalparaisoresort.com\/fr\/wp-json\/wp\/v2\/users\/1"}],"replies":[{"embeddable":true,"href":"https:\/\/arenalparaisoresort.com\/fr\/wp-json\/wp\/v2\/comments?post=1968"}],"version-history":[{"count":25,"href":"https:\/\/arenalparaisoresort.com\/fr\/wp-json\/wp\/v2\/pages\/1968\/revisions"}],"predecessor-version":[{"id":2082,"href":"https:\/\/arenalparaisoresort.com\/fr\/wp-json\/wp\/v2\/pages\/1968\/revisions\/2082"}],"wp:attachment":[{"href":"https:\/\/arenalparaisoresort.com\/fr\/wp-json\/wp\/v2\/media?parent=1968"}],"curies":[{"name":"wp","href":"https:\/\/api.w.org\/{rel}","templated":true}]}}