{"id":1994,"date":"2023-10-13T16:51:43","date_gmt":"2023-10-13T20:51:43","guid":{"rendered":"https:\/\/arenalresortspa.com\/?page_id=1994"},"modified":"2023-10-30T18:42:06","modified_gmt":"2023-10-30T22:42:06","slug":"spa-et-bien-etre","status":"publish","type":"page","link":"https:\/\/arenalparaisoresort.com\/fr\/spa-et-bien-etre\/","title":{"rendered":"Spa et bien-\u00eatre"},"content":{"rendered":"<div class=\"wpb-content-wrapper\"><p>[vc_row full_width=\u00bbstretch_row\u00bb css=\u00bb.vc_custom_1697230680116{background-image: url(https:\/\/arenalresortspa.com\/wp-content\/uploads\/2023\/10\/fnd-bn-spa.jpg?id=1997) !important;background-position: 0 0 !important;background-repeat: no-repeat !important;background-position: center bottom !important;}\u00bb][vc_column offset=\u00bbvc_col-md-6&#8243;]<div class=\"cz_eqh cz_content_box_parent_fx  z99\"><div id=\"cz_46571\" class=\"cz_46571 cz_content_box clr\"><div class=\"cz_box_front clr\"><div class=\"cz_box_front_inner clr \"><span><\/span><div><div id=\"cz_82593\" class=\"cz_82593 cz_title clr cz_mobile_text_center cz_title_pos_inline\"><div class=\"cz_title_shape shape_square cz_shape_1\"><\/div><div class=\"cz_title_shape shape_square cz_shape_2\"><\/div><div class=\"cz_title_content\"><div class=\"cz_wpe_content\"><h1>Mayim Spa<\/h1>\n<\/div><\/div><\/div><div class=\"cz_gap clr \" style=\"height: 80px\"><\/div><div id=\"cz_99687\" class=\"cz_99687 cz_title clr cz_title_pos_inline\"><div class=\"cz_title_content\"><div class=\"cz_wpe_content\"><p>Soignez votre peau avec des traitements esth\u00e9tiques exclusifs du visage, du corps et une d\u00e9licate th\u00e9rapie des mains et des pieds. Dans notre spa, vous serez pris en charge par un personnel hautement qualifi\u00e9 et exp\u00e9riment\u00e9, qui recherche la satisfaction et des r\u00e9sultats de haute qualit\u00e9 pour chaque client.<\/p>\n<\/div><\/div><\/div><div class=\"cz_gap clr \" style=\"height: 25px\"><\/div><div id=\"cz_72947\" class=\"cz_72947 cz_title clr cz_title_pos_inline\"><div class=\"cz_title_content\"><div class=\"cz_wpe_content\"><p>Profitez de la magie qui distingue notre spa Mayim des autres, o\u00f9 les ressources naturelles et tout l&#8217;environnement en harmonie vous offriront des moments de relaxation et de plaisir spirituel.<\/p>\n<p>Le spa Mayim vous propose une large gamme de th\u00e9rapies relaxantes corporelles et de beaut\u00e9.<\/p>\n<\/div><\/div><\/div><div class=\"cz_gap clr \" style=\"height: 30px\"><\/div><\/div><\/div><\/div><\/div><\/div><div class=\"cz_gap clr  hide_on_mobile\" style=\"height: 150px\"><\/div><div class=\"cz_gap show_on_mobile clr\" style=\"height: 50px\"><\/div>[\/vc_column][vc_column offset=\u00bbvc_col-md-6&#8243;]<div id=\"cz_43011\" class=\"cz_grid_p cz_43011\"><div class=\"cz_grid cz_grid_1 clr cz_metro_5 cz_grid_c3 cz_grid_1_no_title cz_grid_1_mid tac\" data-animation=\"cz_grid_anim_move_up\"><div class=\"cz_grid_item cz_grid_first\"><\/div><div class=\"cz_grid_item \"><div><a class=\"cz_grid_link \" href=\"https:\/\/arenalparaisoresort.com\/fr\/wp-content\/uploads\/2023\/10\/mayim-spa-arenal-paraiso-tratamientos-de-estetica-facial-y-corporal-3-1.jpg\" data-xtra-lightbox><img decoding=\"async\" width=\"600\" height=\"586\" src=\"data:image\/svg+xml,%3Csvg%20xmlns%3D&#39;http%3A%2F%2Fwww.w3.org%2F2000%2Fsvg&#39;%20width=&#39;600&#39;%20height=&#39;586&#39;%20viewBox%3D&#39;0%200%20600%20586&#39;%2F%3E\" data-czlz data-src=\"https:\/\/arenalparaisoresort.com\/fr\/wp-content\/uploads\/2023\/10\/mayim-spa-arenal-paraiso-tratamientos-de-estetica-facial-y-corporal-3-1-600x586.jpg\" class=\"attachment-codevz_600_600\" alt=\"mayim-spa-arenal-paraiso-tratamientos-de-estetica-facial-y-corporal-3\" title=\"\" \/><div class=\"cz_grid_details\"><i class=\"fa czico-148-search-3 cz_grid_icon\"><\/i><\/div><\/a><\/div><\/div><div class=\"cz_grid_item \"><div><a class=\"cz_grid_link \" href=\"https:\/\/arenalparaisoresort.com\/fr\/wp-content\/uploads\/2023\/10\/mayim-spa-arenal-paraiso-tratamientos-de-estetica-facial-y-corporal-5.jpg\" data-xtra-lightbox><img decoding=\"async\" width=\"600\" height=\"586\" src=\"data:image\/svg+xml,%3Csvg%20xmlns%3D&#39;http%3A%2F%2Fwww.w3.org%2F2000%2Fsvg&#39;%20width=&#39;600&#39;%20height=&#39;586&#39;%20viewBox%3D&#39;0%200%20600%20586&#39;%2F%3E\" data-czlz data-src=\"https:\/\/arenalparaisoresort.com\/fr\/wp-content\/uploads\/2023\/10\/mayim-spa-arenal-paraiso-tratamientos-de-estetica-facial-y-corporal-5-600x586.jpg\" class=\"attachment-codevz_600_600\" alt=\"\" title=\"mayim-spa-arenal-paraiso-tratamientos-de-estetica-facial-y-corporal-5\" \/><div class=\"cz_grid_details\"><i class=\"fa czico-148-search-3 cz_grid_icon\"><\/i><\/div><\/a><\/div><\/div><div class=\"cz_grid_item \"><div><a class=\"cz_grid_link \" href=\"https:\/\/arenalparaisoresort.com\/fr\/wp-content\/uploads\/2023\/10\/mayim-spa-arenal-paraiso-tratamientos-de-estetica-facial-y-corporal-2-1.jpg\" data-xtra-lightbox><img decoding=\"async\" width=\"600\" height=\"586\" src=\"data:image\/svg+xml,%3Csvg%20xmlns%3D&#39;http%3A%2F%2Fwww.w3.org%2F2000%2Fsvg&#39;%20width=&#39;600&#39;%20height=&#39;586&#39;%20viewBox%3D&#39;0%200%20600%20586&#39;%2F%3E\" data-czlz data-src=\"https:\/\/arenalparaisoresort.com\/fr\/wp-content\/uploads\/2023\/10\/mayim-spa-arenal-paraiso-tratamientos-de-estetica-facial-y-corporal-2-1-600x586.jpg\" class=\"attachment-codevz_600_600\" alt=\"mayim-spa-arenal-paraiso-tratamientos-de-estetica-facial-y-corporal-2\" title=\"\" \/><div class=\"cz_grid_details\"><i class=\"fa czico-148-search-3 cz_grid_icon\"><\/i><\/div><\/a><\/div><\/div><div class=\"cz_grid_item \"><div><a class=\"cz_grid_link \" href=\"https:\/\/arenalparaisoresort.com\/fr\/wp-content\/uploads\/2023\/10\/mayim-spa-arenal-paraiso-tratamientos-de-estetica-facial-y-corporal-1g.jpg\" data-xtra-lightbox><img decoding=\"async\" width=\"600\" height=\"586\" src=\"data:image\/svg+xml,%3Csvg%20xmlns%3D&#39;http%3A%2F%2Fwww.w3.org%2F2000%2Fsvg&#39;%20width=&#39;600&#39;%20height=&#39;586&#39;%20viewBox%3D&#39;0%200%20600%20586&#39;%2F%3E\" data-czlz data-src=\"https:\/\/arenalparaisoresort.com\/fr\/wp-content\/uploads\/2023\/10\/mayim-spa-arenal-paraiso-tratamientos-de-estetica-facial-y-corporal-1g-600x586.jpg\" class=\"attachment-codevz_600_600\" alt=\"mayim-spa-arenal-paraiso-tratamientos-de-estetica-facial-y-corporal-1g\" title=\"\" \/><div class=\"cz_grid_details\"><i class=\"fa czico-148-search-3 cz_grid_icon\"><\/i><\/div><\/a><\/div><\/div><div class=\"cz_grid_item \"><div><a class=\"cz_grid_link \" href=\"https:\/\/arenalparaisoresort.com\/fr\/wp-content\/uploads\/2023\/10\/mayim-spa-arenal-paraiso-tratamientos-de-estetica-facial-y-corporal-2.jpg\" data-xtra-lightbox><img decoding=\"async\" width=\"600\" height=\"586\" src=\"data:image\/svg+xml,%3Csvg%20xmlns%3D&#39;http%3A%2F%2Fwww.w3.org%2F2000%2Fsvg&#39;%20width=&#39;600&#39;%20height=&#39;586&#39;%20viewBox%3D&#39;0%200%20600%20586&#39;%2F%3E\" data-czlz data-src=\"https:\/\/arenalparaisoresort.com\/fr\/wp-content\/uploads\/2023\/10\/mayim-spa-arenal-paraiso-tratamientos-de-estetica-facial-y-corporal-2-600x586.jpg\" class=\"attachment-codevz_600_600\" alt=\"mayim-spa-arenal-paraiso-tratamientos-de-estetica-facial-y-corporal-2\" title=\"\" \/><div class=\"cz_grid_details\"><i class=\"fa czico-148-search-3 cz_grid_icon\"><\/i><\/div><\/a><\/div><\/div><div class=\"cz_grid_item \"><div><a class=\"cz_grid_link \" href=\"https:\/\/arenalparaisoresort.com\/fr\/wp-content\/uploads\/2023\/10\/Momentos-de-Spa-para-tu-bienestar.jpg\" data-xtra-lightbox><img decoding=\"async\" width=\"600\" height=\"586\" src=\"data:image\/svg+xml,%3Csvg%20xmlns%3D&#39;http%3A%2F%2Fwww.w3.org%2F2000%2Fsvg&#39;%20width=&#39;600&#39;%20height=&#39;586&#39;%20viewBox%3D&#39;0%200%20600%20586&#39;%2F%3E\" data-czlz data-src=\"https:\/\/arenalparaisoresort.com\/fr\/wp-content\/uploads\/2023\/10\/Momentos-de-Spa-para-tu-bienestar-600x586.jpg\" class=\"attachment-codevz_600_600\" alt=\"\" title=\"Momentos-de-Spa-para-tu-bienestar\" \/><div class=\"cz_grid_details\"><i class=\"fa czico-148-search-3 cz_grid_icon\"><\/i><\/div><\/a><\/div><\/div><\/div><\/div><div class=\"cz_gap clr  hide_on_mobile\" style=\"height: 150px\"><\/div><div class=\"cz_gap show_on_mobile clr\" style=\"height: 50px\"><\/div>[\/vc_column][\/vc_row][vc_row full_width=\u00bbstretch_row\u00bb css=\u00bb.vc_custom_1697222309870{background-color: #1b5831 !important;}\u00bb][vc_column]<div class=\"cz_eqh cz_content_box_parent_fx  \"><div id=\"cz_50438\" class=\"cz_50438 cz_content_box clr\"><div class=\"cz_box_front clr\"><div class=\"cz_box_front_inner clr \"><span><\/span><div>[vc_row_inner][vc_column_inner width=\u00bb2\/3&#8243;]<div id=\"cz_100847\" class=\"cz_100847 cz_title clr cz_title_pos_inline\"><div class=\"cz_title_content\"><div class=\"cz_wpe_content\"><p><span style=\"font-size: 32px; font-weight: bold; color: #ffffff;\">Visitez Arenal Para\u00edso Resort!<\/span><\/p>\n<\/div><\/div><\/div><div id=\"cz_52756\" class=\"cz_52756 cz_title clr cz_title_pos_inline\"><div class=\"cz_title_content\"><div class=\"cz_wpe_content\"><p><span style=\"color: #ffffff;\">Explorez le volcan Arenal et les sources thermales.<\/span><\/p>\n<\/div><\/div><\/div>[\/vc_column_inner][vc_column_inner width=\u00bb1\/3&#8243;]<div class=\"cz_gap clr \" style=\"height: 25px\"><\/div><div class=\"cz_btn_center\"><div class=\"cz_74601_p\"><a id=\"cz_74601\" class=\"cz_74601 cz_btn cz_btn_txt_no_fx cz_btn_no_fx cz_btn_icon_after\" href=\"https:\/\/reservations.orbebooking.com\/Search\/Init\/oE2qA\/es\" target=\"_blank\"><span><strong>R\u00c9SERVER<\/strong><i class=\"fa czico-110-calendar\"><\/i><\/span><b class=\"cz_btn_onhover\"><strong>R\u00c9SERVER<\/strong><i class=\"fa czico-110-calendar\"><\/i><\/b><\/a><\/div><\/div>[\/vc_column_inner][\/vc_row_inner]<\/div><\/div><\/div><\/div><\/div><div class=\"cz_gap clr \" style=\"height: 70px\"><\/div>[\/vc_column][\/vc_row]<\/p>\n<\/div>","protected":false},"excerpt":{"rendered":"<p>[vc_row full_width=\u00bbstretch_row\u00bb css=\u00bb.vc_custom_1697230680116{background-image: url(https:\/\/arenalresortspa.com\/wp-content\/uploads\/2023\/10\/fnd-bn-spa.jpg?id=1997) !important;background-position: 0 0 !important;background-repeat: no-repeat !important;background-position: center &#8230; <\/p>\n","protected":false},"author":1,"featured_media":0,"parent":0,"menu_order":0,"comment_status":"closed","ping_status":"closed","template":"","meta":{"footnotes":""},"class_list":["post-1994","page","type-page","status-publish","hentry"],"yoast_head":"<!-- This site is optimized with the Yoast SEO plugin v24.7 - https:\/\/yoast.com\/wordpress\/plugins\/seo\/ -->\n<title>Spa et bien-\u00eatre - Arenal Para\u00edso<\/title>\n<meta name=\"robots\" content=\"index, follow, max-snippet:-1, max-image-preview:large, max-video-preview:-1\" \/>\n<link rel=\"canonical\" href=\"https:\/\/arenalparaisoresort.com\/fr\/spa-et-bien-etre\/\" \/>\n<meta property=\"og:locale\" content=\"es_ES\" \/>\n<meta property=\"og:type\" content=\"article\" \/>\n<meta property=\"og:title\" content=\"Spa et bien-\u00eatre - Arenal Para\u00edso\" \/>\n<meta property=\"og:description\" content=\"[vc_row full_width=\u00bbstretch_row\u00bb css=\u00bb.vc_custom_1697230680116{background-image: url(https:\/\/arenalresortspa.com\/wp-content\/uploads\/2023\/10\/fnd-bn-spa.jpg?id=1997) !important;background-position: 0 0 !important;background-repeat: no-repeat !important;background-position: center ...\" \/>\n<meta property=\"og:url\" content=\"https:\/\/arenalparaisoresort.com\/fr\/spa-et-bien-etre\/\" \/>\n<meta property=\"og:site_name\" content=\"Arenal Para\u00edso\" \/>\n<meta property=\"article:modified_time\" content=\"2023-10-30T22:42:06+00:00\" \/>\n<meta name=\"twitter:card\" content=\"summary_large_image\" \/>\n<meta name=\"twitter:label1\" content=\"Tiempo estimado de lectura\" \/>\n\t<meta name=\"twitter:data1\" content=\"3 minutos\" \/>\n<script type=\"application\/ld+json\" class=\"yoast-schema-graph\">{\"@context\":\"https:\/\/schema.org\",\"@graph\":[{\"@type\":\"WebPage\",\"@id\":\"https:\/\/arenalparaisoresort.com\/fr\/spa-et-bien-etre\/\",\"url\":\"https:\/\/arenalparaisoresort.com\/fr\/spa-et-bien-etre\/\",\"name\":\"Spa et bien-\u00eatre - Arenal Para\u00edso\",\"isPartOf\":{\"@id\":\"https:\/\/arenalparaisoresort.com\/fr\/#website\"},\"datePublished\":\"2023-10-13T20:51:43+00:00\",\"dateModified\":\"2023-10-30T22:42:06+00:00\",\"breadcrumb\":{\"@id\":\"https:\/\/arenalparaisoresort.com\/fr\/spa-et-bien-etre\/#breadcrumb\"},\"inLanguage\":\"es\",\"potentialAction\":[{\"@type\":\"ReadAction\",\"target\":[\"https:\/\/arenalparaisoresort.com\/fr\/spa-et-bien-etre\/\"]}]},{\"@type\":\"BreadcrumbList\",\"@id\":\"https:\/\/arenalparaisoresort.com\/fr\/spa-et-bien-etre\/#breadcrumb\",\"itemListElement\":[{\"@type\":\"ListItem\",\"position\":1,\"name\":\"Portada\",\"item\":\"https:\/\/arenalparaisoresort.com\/fr\/\"},{\"@type\":\"ListItem\",\"position\":2,\"name\":\"Spa et bien-\u00eatre\"}]},{\"@type\":\"WebSite\",\"@id\":\"https:\/\/arenalparaisoresort.com\/fr\/#website\",\"url\":\"https:\/\/arenalparaisoresort.com\/fr\/\",\"name\":\"Arenal Para\u00edso\",\"description\":\"\",\"potentialAction\":[{\"@type\":\"SearchAction\",\"target\":{\"@type\":\"EntryPoint\",\"urlTemplate\":\"https:\/\/arenalparaisoresort.com\/fr\/?s={search_term_string}\"},\"query-input\":{\"@type\":\"PropertyValueSpecification\",\"valueRequired\":true,\"valueName\":\"search_term_string\"}}],\"inLanguage\":\"es\"}]}<\/script>\n<!-- \/ Yoast SEO plugin. -->","yoast_head_json":{"title":"Spa et bien-\u00eatre - Arenal Para\u00edso","robots":{"index":"index","follow":"follow","max-snippet":"max-snippet:-1","max-image-preview":"max-image-preview:large","max-video-preview":"max-video-preview:-1"},"canonical":"https:\/\/arenalparaisoresort.com\/fr\/spa-et-bien-etre\/","og_locale":"es_ES","og_type":"article","og_title":"Spa et bien-\u00eatre - Arenal Para\u00edso","og_description":"[vc_row full_width=\u00bbstretch_row\u00bb css=\u00bb.vc_custom_1697230680116{background-image: url(https:\/\/arenalresortspa.com\/wp-content\/uploads\/2023\/10\/fnd-bn-spa.jpg?id=1997) !important;background-position: 0 0 !important;background-repeat: no-repeat !important;background-position: center ...","og_url":"https:\/\/arenalparaisoresort.com\/fr\/spa-et-bien-etre\/","og_site_name":"Arenal Para\u00edso","article_modified_time":"2023-10-30T22:42:06+00:00","twitter_card":"summary_large_image","twitter_misc":{"Tiempo estimado de lectura":"3 minutos"},"schema":{"@context":"https:\/\/schema.org","@graph":[{"@type":"WebPage","@id":"https:\/\/arenalparaisoresort.com\/fr\/spa-et-bien-etre\/","url":"https:\/\/arenalparaisoresort.com\/fr\/spa-et-bien-etre\/","name":"Spa et bien-\u00eatre - Arenal Para\u00edso","isPartOf":{"@id":"https:\/\/arenalparaisoresort.com\/fr\/#website"},"datePublished":"2023-10-13T20:51:43+00:00","dateModified":"2023-10-30T22:42:06+00:00","breadcrumb":{"@id":"https:\/\/arenalparaisoresort.com\/fr\/spa-et-bien-etre\/#breadcrumb"},"inLanguage":"es","potentialAction":[{"@type":"ReadAction","target":["https:\/\/arenalparaisoresort.com\/fr\/spa-et-bien-etre\/"]}]},{"@type":"BreadcrumbList","@id":"https:\/\/arenalparaisoresort.com\/fr\/spa-et-bien-etre\/#breadcrumb","itemListElement":[{"@type":"ListItem","position":1,"name":"Portada","item":"https:\/\/arenalparaisoresort.com\/fr\/"},{"@type":"ListItem","position":2,"name":"Spa et bien-\u00eatre"}]},{"@type":"WebSite","@id":"https:\/\/arenalparaisoresort.com\/fr\/#website","url":"https:\/\/arenalparaisoresort.com\/fr\/","name":"Arenal Para\u00edso","description":"","potentialAction":[{"@type":"SearchAction","target":{"@type":"EntryPoint","urlTemplate":"https:\/\/arenalparaisoresort.com\/fr\/?s={search_term_string}"},"query-input":{"@type":"PropertyValueSpecification","valueRequired":true,"valueName":"search_term_string"}}],"inLanguage":"es"}]}},"_links":{"self":[{"href":"https:\/\/arenalparaisoresort.com\/fr\/wp-json\/wp\/v2\/pages\/1994","targetHints":{"allow":["GET"]}}],"collection":[{"href":"https:\/\/arenalparaisoresort.com\/fr\/wp-json\/wp\/v2\/pages"}],"about":[{"href":"https:\/\/arenalparaisoresort.com\/fr\/wp-json\/wp\/v2\/types\/page"}],"author":[{"embeddable":true,"href":"https:\/\/arenalparaisoresort.com\/fr\/wp-json\/wp\/v2\/users\/1"}],"replies":[{"embeddable":true,"href":"https:\/\/arenalparaisoresort.com\/fr\/wp-json\/wp\/v2\/comments?post=1994"}],"version-history":[{"count":9,"href":"https:\/\/arenalparaisoresort.com\/fr\/wp-json\/wp\/v2\/pages\/1994\/revisions"}],"predecessor-version":[{"id":2061,"href":"https:\/\/arenalparaisoresort.com\/fr\/wp-json\/wp\/v2\/pages\/1994\/revisions\/2061"}],"wp:attachment":[{"href":"https:\/\/arenalparaisoresort.com\/fr\/wp-json\/wp\/v2\/media?parent=1994"}],"curies":[{"name":"wp","href":"https:\/\/api.w.org\/{rel}","templated":true}]}}